{"id":126,"date":"2015-06-23T12:05:39","date_gmt":"2015-06-23T12:05:39","guid":{"rendered":"http:\/\/logitex.hr\/wordpress\/?page_id=126"},"modified":"2017-01-21T14:03:40","modified_gmt":"2017-01-21T14:03:40","slug":"cijene","status":"publish","type":"page","link":"http:\/\/logitex.hr\/wordpress\/index.php\/cijene\/","title":{"rendered":"Cijene"},"content":{"rendered":"<p>Cijene na\u0161ih usluga kreiramo za svakog klijenta individualno, polaze\u0107i od specifi\u010dnih karakteristika njegovog poslovanja i zahtjeva te koli\u010dine dokumentacije koju ono obuhva\u0107a.<\/p>\n<p>Stoga Vas molimo da nam se za sve upite obratite putem kontakt obrasca u nastavku, kako bismo mogli konkretno i za Vas pojedina\u010dno i specifi\u010dno, definirati svoju ponudu cijene za knjigovodstveno-ra\u010dunovodstvene usluge. Odgovorit \u0107emo Vam u najkra\u0107em mogu\u0107em roku, a najkasnije u roku od 3 radna dana.<\/p>\n<p><a href=\"https:\/\/docs.google.com\/forms\/d\/e\/1FAIpQLSdjr0PFHoHy3XJArT_QphErus2-hGpkVr4tPuLvJxPyqG71iA\/viewform\">ZATRA\u017dITE PONUDU<\/a><\/p>\n<p class=\"hide-if-no-js\"><a id=\"set-post-thumbnail\" class=\"thickbox\" title=\"Set featured image\" href=\"http:\/\/logitex.hr\/wordpress\/wp-admin\/media-upload.php?post_id=126&amp;type=image&amp;TB_iframe=1\"><img loading=\"lazy\" decoding=\"async\" class=\"attachment-266x266\" src=\"http:\/\/logitex.hr\/wordpress\/wp-content\/uploads\/2015\/06\/Accounting2-300x299.jpg\" alt=\"Businessman and Computer at desk.  [url=http:\/\/www.istockphoto.com\/file_search.php?action=file&amp;lightboxID=5793267][IMG]http:\/\/www.stevecole.com\/_ISP_Business.JPG[\/IMG][\/url]\" width=\"266\" height=\"266\" \/><\/a><\/p>\n","protected":false},"excerpt":{"rendered":"<p>Cijene na\u0161ih usluga kreiramo za svakog klijenta individualno, polaze\u0107i od specifi\u010dnih karakteristika njegovog poslovanja i zahtjeva te koli\u010dine dokumentacije koju ono obuhva\u0107a. Stoga Vas molimo da nam se za sve upite obratite putem kontakt obrasca u nastavku, kako bismo mogli konkretno i za Vas pojedina\u010dno i specifi\u010dno, definirati svoju ponudu&hellip; <\/p>\n","protected":false},"author":2,"featured_media":165,"parent":0,"menu_order":0,"comment_status":"closed","ping_status":"closed","template":"","meta":{"footnotes":""},"class_list":["post-126","page","type-page","status-publish","has-post-thumbnail","hentry"],"_links":{"self":[{"href":"http:\/\/logitex.hr\/wordpress\/index.php\/wp-json\/wp\/v2\/pages\/126","targetHints":{"allow":["GET"]}}],"collection":[{"href":"http:\/\/logitex.hr\/wordpress\/index.php\/wp-json\/wp\/v2\/pages"}],"about":[{"href":"http:\/\/logitex.hr\/wordpress\/index.php\/wp-json\/wp\/v2\/types\/page"}],"author":[{"embeddable":true,"href":"http:\/\/logitex.hr\/wordpress\/index.php\/wp-json\/wp\/v2\/users\/2"}],"replies":[{"embeddable":true,"href":"http:\/\/logitex.hr\/wordpress\/index.php\/wp-json\/wp\/v2\/comments?post=126"}],"version-history":[{"count":10,"href":"http:\/\/logitex.hr\/wordpress\/index.php\/wp-json\/wp\/v2\/pages\/126\/revisions"}],"predecessor-version":[{"id":194,"href":"http:\/\/logitex.hr\/wordpress\/index.php\/wp-json\/wp\/v2\/pages\/126\/revisions\/194"}],"wp:featuredmedia":[{"embeddable":true,"href":"http:\/\/logitex.hr\/wordpress\/index.php\/wp-json\/wp\/v2\/media\/165"}],"wp:attachment":[{"href":"http:\/\/logitex.hr\/wordpress\/index.php\/wp-json\/wp\/v2\/media?parent=126"}],"curies":[{"name":"wp","href":"https:\/\/api.w.org\/{rel}","templated":true}]}}