{"id":57,"date":"2015-06-21T05:41:08","date_gmt":"2015-06-21T05:41:08","guid":{"rendered":"http:\/\/logitex.hr\/wordpress\/?page_id=57"},"modified":"2017-04-12T07:53:58","modified_gmt":"2017-04-12T07:53:58","slug":"o-nama","status":"publish","type":"page","link":"http:\/\/logitex.hr\/wordpress\/index.php\/o-nama\/","title":{"rendered":"O nama"},"content":{"rendered":"<p>Logitex, dru\u0161tvo s ograni\u010denom odgovorno\u0161\u0107u, osnovano je rje\u0161enjem Fi-3815\/94 (Trgova\u010dki sud u Vara\u017edinu), te uspje\u0161no posluje od samog osnutka 1995. godine.<\/p>\n<p>Svojom kvalitetom neprestano privla\u010dimo nove klijente, a tijekom godina razvijamo i unapre\u0111ujemo svoje usluge u skladu sa potrebama i \u017eeljama klijenata.<\/p>\n<p>Osnovna djelatnost dru\u0161tva je knjigovodstvo i ra\u010dunovodstvo za male poduzetnike i obrtnike, no temeljem na\u0161eg dugogodi\u0161njeg iskustva i visoko kvalificiranog osoblja, radili smo i radimo i druge vrste usluga poput poslovnog i poreznog savjetovanja, te vo\u0111enje knjigovodstva i za velike poduzetnike, poput dioni\u010dkih dru\u0161tava.<\/p>\n<p>Dru\u0161tvo je svoj razvoj zapo\u010delo u obiteljskoj atmosferi, da bi s godinama postalo respektabilan knjigovodstveno-ra\u010dunovodstveni servis koji pru\u017ea svoje usluge za stotinjak razli\u010ditih poslovnih subjekata na prostoru Me\u0111imurske \u017eupanije.<\/p>\n<p class=\"hide-if-no-js\"><a id=\"set-post-thumbnail\" class=\"thickbox\" title=\"Set featured image\" href=\"http:\/\/logitex.hr\/wordpress\/wp-admin\/media-upload.php?post_id=57&amp;type=image&amp;TB_iframe=1\"><img loading=\"lazy\" decoding=\"async\" class=\"attachment-266x266\" src=\"http:\/\/logitex.hr\/wordpress\/wp-content\/uploads\/2015\/06\/tehnologija-comp-300x208.jpg\" alt=\"Technology in the hands of businessmen\" width=\"266\" height=\"184\" \/><\/a><\/p>\n<p>Za mala i srednja poduze\u0107a (d.o.o. i d.d.) i fizi\u010dke osobe (obrtnici, samostalne djelatnosti) daleko je isplativije anga\u017eiranje pouzdanog poslovnog partnera za vo\u0111enje poslovnih knjiga, umjesto zapo\u0161ljavanja vlastitog voditelja ra\u010dunovodstva.<\/p>\n<p>Kao dio na\u0161ih prednosti mo\u017eemo izdvojiti:<\/p>\n<p>&#8211; iskustvo u razli\u010ditim djelatnostima<br \/>\n&#8211; tromjese\u010dno (po potrebi i mjese\u010dno) informiranje klijenata o stanju poslovanja (prihodi i rashodi po vrstama, dobit-\u00a0 gubitak)<br \/>\n&#8211; visoko \u0161kolsko obrazovanje na\u0161ih djelatnika<br \/>\n&#8211; certifikat ovla\u0161tenog ra\u010dunovo\u0111e kao dokaz vrhunskih stru\u010dnih znanja u podru\u010dju poduzetni\u010dkog ra\u010dunovodstva<br \/>\n&#8211; visoka tehnolo\u0161ka opremljenost<br \/>\n&#8211; po potrebi podizanje dokumentacije kod klijenta te dostava na potpis<br \/>\n&#8211; visoka informati\u010dka obrada (99% izvje\u0161taja i obrazaca izvr\u0161ava se ra\u010dunalnom obradom, osim originalnih obrazaca koje zahtijevaju pojedine institucije)<br \/>\n&#8211; sofisticirano i moderno vlastito programsko rje\u0161enje za vo\u0111enje knjigovodstveno-ra\u010dunovodstvenih usluga<br \/>\n&#8211; komuniciranje elektronskom po\u0161tom<br \/>\n&#8211; mogu\u0107nost automatskog prijenosa podataka sa informacijskog sustava klijenta za obradu u na\u0161em sustavu (npr. za prijenos izlaznih ra\u010duna za negotovinsko pla\u0107anje)<br \/>\n&#8211; dnevno pra\u0107enje zakonske regulative i \u010destih promjena iste u podru\u010dju ra\u010dunovodstvenih propisa<br \/>\n&#8211; pra\u0107enje mjese\u010dnih stru\u010dnih \u010dasopisa<br \/>\n&#8211; pola\u017eenje va\u017enijih seminara koje organiziraju izdava\u010di stru\u010dnih \u010dasopisa<br \/>\n&#8211; mogu\u0107nost obavljanja internet platnog prometa<\/p>\n<p>&#8211;\u00a0mogu\u0107nost davanja pristupa knji\u017eenim podacima klijentu<\/p>\n","protected":false},"excerpt":{"rendered":"<p>Logitex, dru\u0161tvo s ograni\u010denom odgovorno\u0161\u0107u, osnovano je rje\u0161enjem Fi-3815\/94 (Trgova\u010dki sud u Vara\u017edinu), te uspje\u0161no posluje od samog osnutka 1995. godine. Svojom kvalitetom neprestano privla\u010dimo nove klijente, a tijekom godina razvijamo i unapre\u0111ujemo svoje usluge u skladu sa potrebama i \u017eeljama klijenata. Osnovna djelatnost dru\u0161tva je knjigovodstvo i ra\u010dunovodstvo za&hellip; <\/p>\n","protected":false},"author":2,"featured_media":138,"parent":0,"menu_order":0,"comment_status":"closed","ping_status":"open","template":"","meta":{"footnotes":""},"class_list":["post-57","page","type-page","status-publish","has-post-thumbnail","hentry"],"_links":{"self":[{"href":"http:\/\/logitex.hr\/wordpress\/index.php\/wp-json\/wp\/v2\/pages\/57","targetHints":{"allow":["GET"]}}],"collection":[{"href":"http:\/\/logitex.hr\/wordpress\/index.php\/wp-json\/wp\/v2\/pages"}],"about":[{"href":"http:\/\/logitex.hr\/wordpress\/index.php\/wp-json\/wp\/v2\/types\/page"}],"author":[{"embeddable":true,"href":"http:\/\/logitex.hr\/wordpress\/index.php\/wp-json\/wp\/v2\/users\/2"}],"replies":[{"embeddable":true,"href":"http:\/\/logitex.hr\/wordpress\/index.php\/wp-json\/wp\/v2\/comments?post=57"}],"version-history":[{"count":20,"href":"http:\/\/logitex.hr\/wordpress\/index.php\/wp-json\/wp\/v2\/pages\/57\/revisions"}],"predecessor-version":[{"id":198,"href":"http:\/\/logitex.hr\/wordpress\/index.php\/wp-json\/wp\/v2\/pages\/57\/revisions\/198"}],"wp:featuredmedia":[{"embeddable":true,"href":"http:\/\/logitex.hr\/wordpress\/index.php\/wp-json\/wp\/v2\/media\/138"}],"wp:attachment":[{"href":"http:\/\/logitex.hr\/wordpress\/index.php\/wp-json\/wp\/v2\/media?parent=57"}],"curies":[{"name":"wp","href":"https:\/\/api.w.org\/{rel}","templated":true}]}}