{"id":61,"date":"2015-06-21T05:43:45","date_gmt":"2015-06-21T05:43:45","guid":{"rendered":"http:\/\/logitex.hr\/wordpress\/?page_id=61"},"modified":"2015-06-24T21:17:22","modified_gmt":"2015-06-24T21:17:22","slug":"usluge","status":"publish","type":"page","link":"http:\/\/logitex.hr\/wordpress\/index.php\/usluge\/","title":{"rendered":"Usluge"},"content":{"rendered":"<p>Dana\u0161nje gospodarske i tr\u017ei\u0161ne prilike nala\u017eu kori\u0161tenje knjigovodstvenih i ra\u010dunovodstvenih usluga u punom opsegu. Temeljem Zakona o ra\u010dunovodstvu, svaki je poduzetnik \u010dije je sjedi\u0161te u Republici Hrvatskoj obvezan voditi poslovne knjige i sastavljati financijska izvje\u0161\u0107a prema temeljnim na\u010delima urednog knjigovodstva, tako da u njima budu vidljivi njegovi poslovi i stanje njegove imovine. Knjigovodstvo mora biti takvo da tre\u0107oj stru\u010dnoj osobi u okviru primjerenog roka omogu\u0107i uvid u poslovne doga\u0111aje i u stanje poduze\u0107a. Poslovni doga\u0111aji moraju se mo\u0107i pratiti prema njihovu nastajanju i razvoju.<\/p>\n<p><a id=\"set-post-thumbnail\" class=\"thickbox\" title=\"Set featured image\" href=\"http:\/\/logitex.hr\/wordpress\/wp-admin\/media-upload.php?post_id=61&amp;type=image&amp;TB_iframe=1\"><img loading=\"lazy\" decoding=\"async\" class=\"attachment-266x266\" src=\"http:\/\/logitex.hr\/wordpress\/wp-content\/uploads\/2015\/06\/internet_business_23-wallpaper-1680x1050-300x188.jpg\" alt=\"internet_business_23-wallpaper-1680x1050\" width=\"266\" height=\"167\" \/><\/a><\/p>\n<p>Logitex d.o.o. ve\u0107 godinama obavlja knjigovodstvene i ra\u010dunovodstvene usluge brojnim tvrtkama i obrtnicima razli\u010ditih djelatnosti:<\/p>\n<p>&#8211; ugostiteljstvo<br \/>\n&#8211; razli\u010diti oblici trgovine (maloprodaja i veleprodaja, uvoz i izvoz proizvoda i usluga)<br \/>\n&#8211; graditeljstvo<br \/>\n&#8211; soboslikarsko-li\u010dila\u010dki i fasaderski radovi<br \/>\n&#8211; kerami\u010darski i ostali zavr\u0161ni radovi u graditeljstvu<br \/>\n&#8211; informati\u010dke usluge<br \/>\n&#8211; elektri\u010dne, vodovodne i plinske instalacije<br \/>\n&#8211; frizerski saloni i saloni ljepote<br \/>\n&#8211; proizvodnja alu i pvc stolarije<br \/>\n&#8211; auto-prijevozne usluge<br \/>\n&#8211; pekarska proizvodnja<br \/>\n&#8211; mlinska industrija<br \/>\n&#8211; visoko sofisticirana tehnolo\u0161ka proizvodnja<br \/>\n&#8211; proizvodnja tekstilnih proizvoda<br \/>\n&#8211; poljoprivredna proizvodnja<br \/>\n&#8211; projektiranje<br \/>\n&#8211; gra\u0111evinski in\u017eenjering<br \/>\n&#8211; usluge geodezije<br \/>\n&#8211; auto-\u0161kola<br \/>\n&#8211; obrada metala i proizvodnja metalnih proizvoda<br \/>\n&#8211; proizvodnja prehrambenih proizvoda<br \/>\n&#8211; najam poslovnih prostora<br \/>\n&#8211; marketin\u0161ke usluge<br \/>\n&#8211; computer shop<br \/>\n&#8211; web portal &amp; internet marketing<br \/>\n&#8211; prijevozni\u010dke usluge<br \/>\n&#8211; lokalni mediji<br \/>\n&#8211; klesarstvo<\/p>\n<p>Visoka tehnolo\u0161ka opremljenost potpomognuta vlastitim programskim rje\u0161enjima omogu\u0107ava nam kvalitetnu i brzu obradu svih ra\u010dunovodstvenih podataka i svodi faktor ljudske pogre\u0161ke na minimum. Zapo\u0161ljavanje vlastitog tima sa informati\u010dkom (i programskom) opremom te pra\u0107enje \u010desto mijenjanih zakonskih propisa, iziskuje velika ulaganja u opremu, obrazovanje i stru\u010dnu literaturu.<\/p>\n<p>Budu\u0107i neprestano ula\u017eemo u informati\u010dki razvoj dru\u0161tva vlastitim programskim rje\u0161enjima i raznolikom\u00a0 uredskom opremom, kao i stalnom edukacijom zaposlenika u financijsko-ra\u010dunovodstvenim pitanjima, pove\u0107avamo efikasnost poslovanja i kvalitetu svoju usluge.<\/p>\n","protected":false},"excerpt":{"rendered":"<p>Dana\u0161nje gospodarske i tr\u017ei\u0161ne prilike nala\u017eu kori\u0161tenje knjigovodstvenih i ra\u010dunovodstvenih usluga u punom opsegu. Temeljem Zakona o ra\u010dunovodstvu, svaki je poduzetnik \u010dije je sjedi\u0161te u Republici Hrvatskoj obvezan voditi poslovne knjige i sastavljati financijska izvje\u0161\u0107a prema temeljnim na\u010delima urednog knjigovodstva, tako da u njima budu vidljivi njegovi poslovi i stanje&hellip; <\/p>\n","protected":false},"author":2,"featured_media":108,"parent":0,"menu_order":0,"comment_status":"closed","ping_status":"closed","template":"","meta":{"footnotes":""},"class_list":["post-61","page","type-page","status-publish","has-post-thumbnail","hentry"],"_links":{"self":[{"href":"http:\/\/logitex.hr\/wordpress\/index.php\/wp-json\/wp\/v2\/pages\/61","targetHints":{"allow":["GET"]}}],"collection":[{"href":"http:\/\/logitex.hr\/wordpress\/index.php\/wp-json\/wp\/v2\/pages"}],"about":[{"href":"http:\/\/logitex.hr\/wordpress\/index.php\/wp-json\/wp\/v2\/types\/page"}],"author":[{"embeddable":true,"href":"http:\/\/logitex.hr\/wordpress\/index.php\/wp-json\/wp\/v2\/users\/2"}],"replies":[{"embeddable":true,"href":"http:\/\/logitex.hr\/wordpress\/index.php\/wp-json\/wp\/v2\/comments?post=61"}],"version-history":[{"count":16,"href":"http:\/\/logitex.hr\/wordpress\/index.php\/wp-json\/wp\/v2\/pages\/61\/revisions"}],"predecessor-version":[{"id":172,"href":"http:\/\/logitex.hr\/wordpress\/index.php\/wp-json\/wp\/v2\/pages\/61\/revisions\/172"}],"wp:featuredmedia":[{"embeddable":true,"href":"http:\/\/logitex.hr\/wordpress\/index.php\/wp-json\/wp\/v2\/media\/108"}],"wp:attachment":[{"href":"http:\/\/logitex.hr\/wordpress\/index.php\/wp-json\/wp\/v2\/media?parent=61"}],"curies":[{"name":"wp","href":"https:\/\/api.w.org\/{rel}","templated":true}]}}